{"id":6443,"date":"2024-08-04T07:43:50","date_gmt":"2024-08-04T07:43:50","guid":{"rendered":"https:\/\/www.simatec.tn\/actualites\/"},"modified":"2025-02-07T17:11:39","modified_gmt":"2025-02-07T16:11:39","slug":"%d8%a3%d8%ae%d8%a8%d8%a7%d8%b1%d9%86%d8%a7","status":"publish","type":"page","link":"https:\/\/www.simatec.tn\/ar\/%d8%a3%d8%ae%d8%a8%d8%a7%d8%b1%d9%86%d8%a7\/","title":{"rendered":"\u0623\u062e\u0628\u0627\u0631\u0646\u0627"},"content":{"rendered":"\t\t<div data-elementor-type=\"wp-page\" data-elementor-id=\"6443\" class=\"elementor elementor-6443\">\n\t\t\t\t\t\t<section class=\"elementor-section elementor-top-section elementor-element elementor-element-243a090 elementor-section-boxed elementor-section-height-default elementor-section-height-default\" data-id=\"243a090\" data-element_type=\"section\">\n\t\t\t\t\t\t<div class=\"elementor-container elementor-column-gap-custom\">\n\t\t\t\t\t<div class=\"elementor-column elementor-col-100 elementor-top-column elementor-element elementor-element-100200a\" data-id=\"100200a\" data-element_type=\"column\">\n\t\t\t<div class=\"elementor-widget-wrap elementor-element-populated\">\n\t\t\t\t\t\t<div class=\"elementor-element elementor-element-229564f elementor-widget elementor-widget-tx_post_grid elh-el tx_post_grid\" data-id=\"229564f\" data-element_type=\"widget\" data-settings=\"{&quot;design_style&quot;:&quot;style_6&quot;}\" data-widget_type=\"tx_post_grid.default\">\n\t\t\t\t<div class=\"elementor-widget-container\">\n\t\t\t\t\t<div class=\"fti-blog-grid-item-wrap\">\r\n    <div class=\"feh-blog-grid-items\">\r\n\r\n                <div class=\"fti-blog-grid-item wow fadeInUp\">\r\n                        <div class=\"main-img img-cover\">\r\n                <img decoding=\"async\" src=\"https:\/\/www.simatec.tn\/wp-content\/uploads\/2025\/02\/WhatsApp-Image-2025-02-05-at-15.30.jpg\" alt=\"WhatsApp-Image-2025-02-05-at-15.30\">\r\n            <\/div>\r\n                        <div class=\"meta\">\r\n                                <span class=\"date fti-para-3-small\">5 \u0641\u0628\u0631\u0627\u064a\u0631 2025<\/span>\r\n                \r\n                <h5 class=\"title fti-heading-3\">\r\n                    <a href=\"https:\/\/www.simatec.tn\/ar\/%d8%a7%d9%84%d9%85%d8%b4%d8%a7%d8%b1%d9%83%d8%a9-%d9%81%d9%8a-%d9%85%d8%b9%d8%b1%d8%b6-%d9%84%d9%8a%d8%a8%d9%8a%d8%a7-%d9%84%d9%84%d8%b5%d9%86%d8%a7%d8%b9%d8%a9\/\">\u0627\u0644\u0645\u0634\u0627\u0631\u0643\u0629 \u0641\u064a \u0645\u0639\u0631\u0636 \u0644\u064a\u0628\u064a\u0627 \u0644\u0644\u0635\u0646\u0627\u0639\u0629<\/a>\r\n                <\/h5>\r\n            <\/div>\r\n        <\/div>\r\n                <div class=\"fti-blog-grid-item wow fadeInUp\">\r\n                        <div class=\"main-img img-cover\">\r\n                <img decoding=\"async\" src=\"https:\/\/www.simatec.tn\/wp-content\/uploads\/2025\/02\/actualite.jpg\" alt=\"actualit\u00e9\">\r\n            <\/div>\r\n                        <div class=\"meta\">\r\n                                <span class=\"date fti-para-3-small\">6 \u062f\u064a\u0633\u0645\u0628\u0631 2021<\/span>\r\n                \r\n                <h5 class=\"title fti-heading-3\">\r\n                    <a href=\"https:\/\/www.simatec.tn\/ar\/%d8%a7%d9%84%d9%85%d8%b4%d8%a7%d8%b1%d9%83%d8%a9-%d9%81%d9%8a-%d8%a7%d9%84%d8%a3%d9%8a%d8%a7%d9%85-%d8%a7%d9%84%d8%a7%d9%82%d8%aa%d8%b5%d8%a7%d8%af%d9%8a%d8%a9-%d9%88%d8%a7%d9%84%d8%aa%d8%ac%d8%a7\/\">\u0627\u0644\u0645\u0634\u0627\u0631\u0643\u0629 \u0641\u064a \u0627\u0644\u0623\u064a\u0627\u0645 \u0627\u0644\u0627\u0642\u062a\u0635\u0627\u062f\u064a\u0629 \u0648\u0627\u0644\u062a\u062c\u0627\u0631\u064a\u0629 \u0627\u0644\u062a\u0648\u0646\u0633\u064a\u0629 \u0641\u064a \u062f\u0643\u0627\u0631\u060c \u0627\u0644\u0633\u0646\u063a\u0627\u0644<\/a>\r\n                <\/h5>\r\n            <\/div>\r\n        <\/div>\r\n                <div class=\"fti-blog-grid-item wow fadeInUp\">\r\n                        <div class=\"main-img img-cover\">\r\n                <img decoding=\"async\" src=\"https:\/\/www.simatec.tn\/wp-content\/uploads\/2025\/02\/laptop-screen-template-with-hacking-concept-min.jpg\" alt=\"laptop-screen-template-with-hacking-concept-min\">\r\n            <\/div>\r\n                        <div class=\"meta\">\r\n                                <span class=\"date fti-para-3-small\">5 \u0641\u0628\u0631\u0627\u064a\u0631 2025<\/span>\r\n                \r\n                <h5 class=\"title fti-heading-3\">\r\n                    <a href=\"https:\/\/www.simatec.tn\/ar\/%d8%a5%d8%b7%d9%84%d8%a7%d9%82-%d9%85%d9%88%d9%82%d8%b9-%d8%a5%d9%84%d9%83%d8%aa%d8%b1%d9%88%d9%86%d9%8a-%d8%ac%d8%af%d9%8a%d8%af\/\">\u0625\u0637\u0644\u0627\u0642 \u0645\u0648\u0642\u0639 \u0625\u0644\u0643\u062a\u0631\u0648\u0646\u064a \u062c\u062f\u064a\u062f<\/a>\r\n                <\/h5>\r\n            <\/div>\r\n        <\/div>\r\n            <\/div>\r\n<\/div>\t\t\t\t<\/div>\n\t\t\t\t<\/div>\n\t\t\t\t\t<\/div>\n\t\t<\/div>\n\t\t\t\t\t<\/div>\n\t\t<\/section>\n\t\t\t\t<\/div>\n\t\t","protected":false},"excerpt":{"rendered":"<p>5 f\u00e9vrier 2025 Participation au foire Libye d&#8217;industrie 6 d\u00e9cembre 2021 Participation au Journ\u00e9es Economiques et Commerciales Tunisiennes \u00e0 Dakar, S\u00e9n\u00e9gal 5 f\u00e9vrier 2025 Lancement d&#8217;un nouveau site web<\/p>\n","protected":false},"author":1,"featured_media":0,"parent":0,"menu_order":0,"comment_status":"closed","ping_status":"closed","template":"elementor_header_footer","meta":{"inline_featured_image":false,"footnotes":""},"class_list":["post-6443","page","type-page","status-publish","hentry"],"yoast_head":"<!-- This site is optimized with the Yoast SEO plugin v27.4 - https:\/\/yoast.com\/product\/yoast-seo-wordpress\/ -->\n<title>\u0623\u062e\u0628\u0627\u0631\u0646\u0627 - Simatec<\/title>\n<meta name=\"description\" content=\"5 f\u00e9vrier 2025 Participation au foire Libye d&#039;industrie 6 d\u00e9cembre 2021 Participation au Journ\u00e9es Economiques et Commerciales Tunisiennes \u00e0 Dakar, S\u00e9n\u00e9gal\" \/>\n<meta name=\"robots\" content=\"index, follow, max-snippet:-1, max-image-preview:large, max-video-preview:-1\" \/>\n<link rel=\"canonical\" href=\"https:\/\/www.simatec.tn\/ar\/\u0623\u062e\u0628\u0627\u0631\u0646\u0627\/\" \/>\n<meta property=\"og:locale\" content=\"ar_AR\" \/>\n<meta property=\"og:type\" content=\"article\" \/>\n<meta property=\"og:title\" content=\"\u0623\u062e\u0628\u0627\u0631\u0646\u0627 - Simatec\" \/>\n<meta property=\"og:description\" content=\"5 f\u00e9vrier 2025 Participation au foire Libye d&#039;industrie 6 d\u00e9cembre 2021 Participation au Journ\u00e9es Economiques et Commerciales Tunisiennes \u00e0 Dakar, S\u00e9n\u00e9gal\" \/>\n<meta property=\"og:url\" content=\"https:\/\/www.simatec.tn\/ar\/\u0623\u062e\u0628\u0627\u0631\u0646\u0627\/\" \/>\n<meta property=\"og:site_name\" content=\"Simatec\" \/>\n<meta property=\"article:publisher\" content=\"https:\/\/www.facebook.com\/Simatec.bobinage\/\" \/>\n<meta property=\"article:modified_time\" content=\"2025-02-07T16:11:39+00:00\" \/>\n<meta property=\"og:image\" content=\"https:\/\/www.simatec.tn\/wp-content\/uploads\/2025\/02\/WhatsApp-Image-2025-02-05-at-15.30.jpg\" \/>\n<meta name=\"twitter:card\" content=\"summary_large_image\" \/>\n<script type=\"application\/ld+json\" class=\"yoast-schema-graph\">{\"@context\":\"https:\\\/\\\/schema.org\",\"@graph\":[{\"@type\":\"WebPage\",\"@id\":\"https:\\\/\\\/www.simatec.tn\\\/ar\\\/%d8%a3%d8%ae%d8%a8%d8%a7%d8%b1%d9%86%d8%a7\\\/\",\"url\":\"https:\\\/\\\/www.simatec.tn\\\/ar\\\/%d8%a3%d8%ae%d8%a8%d8%a7%d8%b1%d9%86%d8%a7\\\/\",\"name\":\"\u0623\u062e\u0628\u0627\u0631\u0646\u0627 - Simatec\",\"isPartOf\":{\"@id\":\"https:\\\/\\\/www.simatec.tn\\\/#website\"},\"primaryImageOfPage\":{\"@id\":\"https:\\\/\\\/www.simatec.tn\\\/ar\\\/%d8%a3%d8%ae%d8%a8%d8%a7%d8%b1%d9%86%d8%a7\\\/#primaryimage\"},\"image\":{\"@id\":\"https:\\\/\\\/www.simatec.tn\\\/ar\\\/%d8%a3%d8%ae%d8%a8%d8%a7%d8%b1%d9%86%d8%a7\\\/#primaryimage\"},\"thumbnailUrl\":\"https:\\\/\\\/www.simatec.tn\\\/wp-content\\\/uploads\\\/2025\\\/02\\\/WhatsApp-Image-2025-02-05-at-15.30.jpg\",\"datePublished\":\"2024-08-04T07:43:50+00:00\",\"dateModified\":\"2025-02-07T16:11:39+00:00\",\"description\":\"5 f\u00e9vrier 2025 Participation au foire Libye d'industrie 6 d\u00e9cembre 2021 Participation au Journ\u00e9es Economiques et Commerciales Tunisiennes \u00e0 Dakar, S\u00e9n\u00e9gal\",\"breadcrumb\":{\"@id\":\"https:\\\/\\\/www.simatec.tn\\\/ar\\\/%d8%a3%d8%ae%d8%a8%d8%a7%d8%b1%d9%86%d8%a7\\\/#breadcrumb\"},\"inLanguage\":\"ar\",\"potentialAction\":[{\"@type\":\"ReadAction\",\"target\":[\"https:\\\/\\\/www.simatec.tn\\\/ar\\\/%d8%a3%d8%ae%d8%a8%d8%a7%d8%b1%d9%86%d8%a7\\\/\"]}]},{\"@type\":\"ImageObject\",\"inLanguage\":\"ar\",\"@id\":\"https:\\\/\\\/www.simatec.tn\\\/ar\\\/%d8%a3%d8%ae%d8%a8%d8%a7%d8%b1%d9%86%d8%a7\\\/#primaryimage\",\"url\":\"https:\\\/\\\/www.simatec.tn\\\/wp-content\\\/uploads\\\/2025\\\/02\\\/WhatsApp-Image-2025-02-05-at-15.30.jpg\",\"contentUrl\":\"https:\\\/\\\/www.simatec.tn\\\/wp-content\\\/uploads\\\/2025\\\/02\\\/WhatsApp-Image-2025-02-05-at-15.30.jpg\"},{\"@type\":\"BreadcrumbList\",\"@id\":\"https:\\\/\\\/www.simatec.tn\\\/ar\\\/%d8%a3%d8%ae%d8%a8%d8%a7%d8%b1%d9%86%d8%a7\\\/#breadcrumb\",\"itemListElement\":[{\"@type\":\"ListItem\",\"position\":1,\"name\":\"Accueil\",\"item\":\"https:\\\/\\\/www.simatec.tn\\\/ar\\\/\"},{\"@type\":\"ListItem\",\"position\":2,\"name\":\"\u0623\u062e\u0628\u0627\u0631\u0646\u0627\"}]},{\"@type\":\"WebSite\",\"@id\":\"https:\\\/\\\/www.simatec.tn\\\/#website\",\"url\":\"https:\\\/\\\/www.simatec.tn\\\/\",\"name\":\"Simatec\",\"description\":\"L&#039;expertise \u00e9lectrom\u00e9canique au service de votre performance industrielle\",\"publisher\":{\"@id\":\"https:\\\/\\\/www.simatec.tn\\\/#organization\"},\"potentialAction\":[{\"@type\":\"SearchAction\",\"target\":{\"@type\":\"EntryPoint\",\"urlTemplate\":\"https:\\\/\\\/www.simatec.tn\\\/?s={search_term_string}\"},\"query-input\":{\"@type\":\"PropertyValueSpecification\",\"valueRequired\":true,\"valueName\":\"search_term_string\"}}],\"inLanguage\":\"ar\"},{\"@type\":\"Organization\",\"@id\":\"https:\\\/\\\/www.simatec.tn\\\/#organization\",\"name\":\"Simatec\",\"url\":\"https:\\\/\\\/www.simatec.tn\\\/\",\"logo\":{\"@type\":\"ImageObject\",\"inLanguage\":\"ar\",\"@id\":\"https:\\\/\\\/www.simatec.tn\\\/#\\\/schema\\\/logo\\\/image\\\/\",\"url\":\"https:\\\/\\\/www.simatec.tn\\\/wp-content\\\/uploads\\\/2025\\\/02\\\/logo.png\",\"contentUrl\":\"https:\\\/\\\/www.simatec.tn\\\/wp-content\\\/uploads\\\/2025\\\/02\\\/logo.png\",\"width\":573,\"height\":380,\"caption\":\"Simatec\"},\"image\":{\"@id\":\"https:\\\/\\\/www.simatec.tn\\\/#\\\/schema\\\/logo\\\/image\\\/\"},\"sameAs\":[\"https:\\\/\\\/www.facebook.com\\\/Simatec.bobinage\\\/\"]}]}<\/script>\n<!-- \/ Yoast SEO plugin. -->","yoast_head_json":{"title":"\u0623\u062e\u0628\u0627\u0631\u0646\u0627 - Simatec","description":"5 f\u00e9vrier 2025 Participation au foire Libye d'industrie 6 d\u00e9cembre 2021 Participation au Journ\u00e9es Economiques et Commerciales Tunisiennes \u00e0 Dakar, S\u00e9n\u00e9gal","robots":{"index":"index","follow":"follow","max-snippet":"max-snippet:-1","max-image-preview":"max-image-preview:large","max-video-preview":"max-video-preview:-1"},"canonical":"https:\/\/www.simatec.tn\/ar\/\u0623\u062e\u0628\u0627\u0631\u0646\u0627\/","og_locale":"ar_AR","og_type":"article","og_title":"\u0623\u062e\u0628\u0627\u0631\u0646\u0627 - Simatec","og_description":"5 f\u00e9vrier 2025 Participation au foire Libye d'industrie 6 d\u00e9cembre 2021 Participation au Journ\u00e9es Economiques et Commerciales Tunisiennes \u00e0 Dakar, S\u00e9n\u00e9gal","og_url":"https:\/\/www.simatec.tn\/ar\/\u0623\u062e\u0628\u0627\u0631\u0646\u0627\/","og_site_name":"Simatec","article_publisher":"https:\/\/www.facebook.com\/Simatec.bobinage\/","article_modified_time":"2025-02-07T16:11:39+00:00","og_image":[{"url":"https:\/\/www.simatec.tn\/wp-content\/uploads\/2025\/02\/WhatsApp-Image-2025-02-05-at-15.30.jpg","type":"","width":"","height":""}],"twitter_card":"summary_large_image","schema":{"@context":"https:\/\/schema.org","@graph":[{"@type":"WebPage","@id":"https:\/\/www.simatec.tn\/ar\/%d8%a3%d8%ae%d8%a8%d8%a7%d8%b1%d9%86%d8%a7\/","url":"https:\/\/www.simatec.tn\/ar\/%d8%a3%d8%ae%d8%a8%d8%a7%d8%b1%d9%86%d8%a7\/","name":"\u0623\u062e\u0628\u0627\u0631\u0646\u0627 - Simatec","isPartOf":{"@id":"https:\/\/www.simatec.tn\/#website"},"primaryImageOfPage":{"@id":"https:\/\/www.simatec.tn\/ar\/%d8%a3%d8%ae%d8%a8%d8%a7%d8%b1%d9%86%d8%a7\/#primaryimage"},"image":{"@id":"https:\/\/www.simatec.tn\/ar\/%d8%a3%d8%ae%d8%a8%d8%a7%d8%b1%d9%86%d8%a7\/#primaryimage"},"thumbnailUrl":"https:\/\/www.simatec.tn\/wp-content\/uploads\/2025\/02\/WhatsApp-Image-2025-02-05-at-15.30.jpg","datePublished":"2024-08-04T07:43:50+00:00","dateModified":"2025-02-07T16:11:39+00:00","description":"5 f\u00e9vrier 2025 Participation au foire Libye d'industrie 6 d\u00e9cembre 2021 Participation au Journ\u00e9es Economiques et Commerciales Tunisiennes \u00e0 Dakar, S\u00e9n\u00e9gal","breadcrumb":{"@id":"https:\/\/www.simatec.tn\/ar\/%d8%a3%d8%ae%d8%a8%d8%a7%d8%b1%d9%86%d8%a7\/#breadcrumb"},"inLanguage":"ar","potentialAction":[{"@type":"ReadAction","target":["https:\/\/www.simatec.tn\/ar\/%d8%a3%d8%ae%d8%a8%d8%a7%d8%b1%d9%86%d8%a7\/"]}]},{"@type":"ImageObject","inLanguage":"ar","@id":"https:\/\/www.simatec.tn\/ar\/%d8%a3%d8%ae%d8%a8%d8%a7%d8%b1%d9%86%d8%a7\/#primaryimage","url":"https:\/\/www.simatec.tn\/wp-content\/uploads\/2025\/02\/WhatsApp-Image-2025-02-05-at-15.30.jpg","contentUrl":"https:\/\/www.simatec.tn\/wp-content\/uploads\/2025\/02\/WhatsApp-Image-2025-02-05-at-15.30.jpg"},{"@type":"BreadcrumbList","@id":"https:\/\/www.simatec.tn\/ar\/%d8%a3%d8%ae%d8%a8%d8%a7%d8%b1%d9%86%d8%a7\/#breadcrumb","itemListElement":[{"@type":"ListItem","position":1,"name":"Accueil","item":"https:\/\/www.simatec.tn\/ar\/"},{"@type":"ListItem","position":2,"name":"\u0623\u062e\u0628\u0627\u0631\u0646\u0627"}]},{"@type":"WebSite","@id":"https:\/\/www.simatec.tn\/#website","url":"https:\/\/www.simatec.tn\/","name":"Simatec","description":"L&#039;expertise \u00e9lectrom\u00e9canique au service de votre performance industrielle","publisher":{"@id":"https:\/\/www.simatec.tn\/#organization"},"potentialAction":[{"@type":"SearchAction","target":{"@type":"EntryPoint","urlTemplate":"https:\/\/www.simatec.tn\/?s={search_term_string}"},"query-input":{"@type":"PropertyValueSpecification","valueRequired":true,"valueName":"search_term_string"}}],"inLanguage":"ar"},{"@type":"Organization","@id":"https:\/\/www.simatec.tn\/#organization","name":"Simatec","url":"https:\/\/www.simatec.tn\/","logo":{"@type":"ImageObject","inLanguage":"ar","@id":"https:\/\/www.simatec.tn\/#\/schema\/logo\/image\/","url":"https:\/\/www.simatec.tn\/wp-content\/uploads\/2025\/02\/logo.png","contentUrl":"https:\/\/www.simatec.tn\/wp-content\/uploads\/2025\/02\/logo.png","width":573,"height":380,"caption":"Simatec"},"image":{"@id":"https:\/\/www.simatec.tn\/#\/schema\/logo\/image\/"},"sameAs":["https:\/\/www.facebook.com\/Simatec.bobinage\/"]}]}},"_links":{"self":[{"href":"https:\/\/www.simatec.tn\/ar\/wp-json\/wp\/v2\/pages\/6443","targetHints":{"allow":["GET"]}}],"collection":[{"href":"https:\/\/www.simatec.tn\/ar\/wp-json\/wp\/v2\/pages"}],"about":[{"href":"https:\/\/www.simatec.tn\/ar\/wp-json\/wp\/v2\/types\/page"}],"author":[{"embeddable":true,"href":"https:\/\/www.simatec.tn\/ar\/wp-json\/wp\/v2\/users\/1"}],"replies":[{"embeddable":true,"href":"https:\/\/www.simatec.tn\/ar\/wp-json\/wp\/v2\/comments?post=6443"}],"version-history":[{"count":1,"href":"https:\/\/www.simatec.tn\/ar\/wp-json\/wp\/v2\/pages\/6443\/revisions"}],"predecessor-version":[{"id":6444,"href":"https:\/\/www.simatec.tn\/ar\/wp-json\/wp\/v2\/pages\/6443\/revisions\/6444"}],"wp:attachment":[{"href":"https:\/\/www.simatec.tn\/ar\/wp-json\/wp\/v2\/media?parent=6443"}],"curies":[{"name":"wp","href":"https:\/\/api.w.org\/{rel}","templated":true}]}}