{"id":6206,"date":"2024-08-04T07:43:50","date_gmt":"2024-08-04T07:43:50","guid":{"rendered":"https:\/\/www.simatec.tn\/actualites\/"},"modified":"2025-02-07T15:46:45","modified_gmt":"2025-02-07T14:46:45","slug":"news","status":"publish","type":"page","link":"https:\/\/www.simatec.tn\/en\/news\/","title":{"rendered":"News"},"content":{"rendered":"\t\t<div data-elementor-type=\"wp-page\" data-elementor-id=\"6206\" class=\"elementor elementor-6206\">\n\t\t\t\t\t\t<section class=\"elementor-section elementor-top-section elementor-element elementor-element-243a090 elementor-section-boxed elementor-section-height-default elementor-section-height-default\" data-id=\"243a090\" data-element_type=\"section\">\n\t\t\t\t\t\t<div class=\"elementor-container elementor-column-gap-custom\">\n\t\t\t\t\t<div class=\"elementor-column elementor-col-100 elementor-top-column elementor-element elementor-element-100200a\" data-id=\"100200a\" data-element_type=\"column\">\n\t\t\t<div class=\"elementor-widget-wrap elementor-element-populated\">\n\t\t\t\t\t\t<div class=\"elementor-element elementor-element-229564f elementor-widget elementor-widget-tx_post_grid elh-el tx_post_grid\" data-id=\"229564f\" data-element_type=\"widget\" data-settings=\"{&quot;design_style&quot;:&quot;style_6&quot;}\" data-widget_type=\"tx_post_grid.default\">\n\t\t\t\t<div class=\"elementor-widget-container\">\n\t\t\t\t\t<div class=\"fti-blog-grid-item-wrap\">\r\n    <div class=\"feh-blog-grid-items\">\r\n\r\n                <div class=\"fti-blog-grid-item wow fadeInUp\">\r\n                        <div class=\"main-img img-cover\">\r\n                <img decoding=\"async\" src=\"https:\/\/www.simatec.tn\/wp-content\/uploads\/2025\/02\/WhatsApp-Image-2025-02-05-at-15.30.jpg\" alt=\"WhatsApp-Image-2025-02-05-at-15.30\">\r\n            <\/div>\r\n                        <div class=\"meta\">\r\n                                <span class=\"date fti-para-3-small\">5 February 2025<\/span>\r\n                \r\n                <h5 class=\"title fti-heading-3\">\r\n                    <a href=\"https:\/\/www.simatec.tn\/en\/participation-in-the-libyan-industry-fair\/\">Participation in the Libyan Industry Fair<\/a>\r\n                <\/h5>\r\n            <\/div>\r\n        <\/div>\r\n                <div class=\"fti-blog-grid-item wow fadeInUp\">\r\n                        <div class=\"main-img img-cover\">\r\n                <img decoding=\"async\" src=\"https:\/\/www.simatec.tn\/wp-content\/uploads\/2025\/02\/actualite.jpg\" alt=\"actualit\u00e9\">\r\n            <\/div>\r\n                        <div class=\"meta\">\r\n                                <span class=\"date fti-para-3-small\">6 December 2021<\/span>\r\n                \r\n                <h5 class=\"title fti-heading-3\">\r\n                    <a href=\"https:\/\/www.simatec.tn\/en\/participation-in-the-tunisian-economic-and-commercial-days-in-dakar-senegal\/\">Participation in the Tunisian Economic and Commercial Days in Dakar, Senegal<\/a>\r\n                <\/h5>\r\n            <\/div>\r\n        <\/div>\r\n                <div class=\"fti-blog-grid-item wow fadeInUp\">\r\n                        <div class=\"main-img img-cover\">\r\n                <img decoding=\"async\" src=\"https:\/\/www.simatec.tn\/wp-content\/uploads\/2025\/02\/laptop-screen-template-with-hacking-concept-min.jpg\" alt=\"laptop-screen-template-with-hacking-concept-min\">\r\n            <\/div>\r\n                        <div class=\"meta\">\r\n                                <span class=\"date fti-para-3-small\">5 February 2025<\/span>\r\n                \r\n                <h5 class=\"title fti-heading-3\">\r\n                    <a href=\"https:\/\/www.simatec.tn\/en\/launch-of-a-new-website\/\">Launch of a new website<\/a>\r\n                <\/h5>\r\n            <\/div>\r\n        <\/div>\r\n            <\/div>\r\n<\/div>\t\t\t\t<\/div>\n\t\t\t\t<\/div>\n\t\t\t\t\t<\/div>\n\t\t<\/div>\n\t\t\t\t\t<\/div>\n\t\t<\/section>\n\t\t\t\t<\/div>\n\t\t","protected":false},"excerpt":{"rendered":"<p>5 f\u00e9vrier 2025 Participation in the Libyan Industry Fair 6 d\u00e9cembre 2021 Participation in the Tunisian Economic and Commercial Days in Dakar, Senegal 5 f\u00e9vrier 2025 Launch of a new website<\/p>\n","protected":false},"author":1,"featured_media":0,"parent":0,"menu_order":0,"comment_status":"closed","ping_status":"closed","template":"elementor_header_footer","meta":{"inline_featured_image":false,"footnotes":""},"class_list":["post-6206","page","type-page","status-publish","hentry"],"yoast_head":"<!-- This site is optimized with the Yoast SEO plugin v27.4 - https:\/\/yoast.com\/product\/yoast-seo-wordpress\/ -->\n<title>News - Simatec<\/title>\n<meta name=\"description\" content=\"5 f\u00e9vrier 2025 Participation in the Libyan Industry Fair 6 d\u00e9cembre 2021 Participation in the Tunisian Economic and Commercial Days in Dakar, Senegal 5\" \/>\n<meta name=\"robots\" content=\"index, follow, max-snippet:-1, max-image-preview:large, max-video-preview:-1\" \/>\n<link rel=\"canonical\" href=\"https:\/\/www.simatec.tn\/en\/news\/\" \/>\n<meta property=\"og:locale\" content=\"en_US\" \/>\n<meta property=\"og:type\" content=\"article\" \/>\n<meta property=\"og:title\" content=\"News - Simatec\" \/>\n<meta property=\"og:description\" content=\"5 f\u00e9vrier 2025 Participation in the Libyan Industry Fair 6 d\u00e9cembre 2021 Participation in the Tunisian Economic and Commercial Days in Dakar, Senegal 5\" \/>\n<meta property=\"og:url\" content=\"https:\/\/www.simatec.tn\/en\/news\/\" \/>\n<meta property=\"og:site_name\" content=\"Simatec\" \/>\n<meta property=\"article:publisher\" content=\"https:\/\/www.facebook.com\/Simatec.bobinage\/\" \/>\n<meta property=\"article:modified_time\" content=\"2025-02-07T14:46:45+00:00\" \/>\n<meta property=\"og:image\" content=\"https:\/\/www.simatec.tn\/wp-content\/uploads\/2025\/02\/WhatsApp-Image-2025-02-05-at-15.30.jpg\" \/>\n<meta name=\"twitter:card\" content=\"summary_large_image\" \/>\n<script type=\"application\/ld+json\" class=\"yoast-schema-graph\">{\"@context\":\"https:\\\/\\\/schema.org\",\"@graph\":[{\"@type\":\"WebPage\",\"@id\":\"https:\\\/\\\/www.simatec.tn\\\/en\\\/news\\\/\",\"url\":\"https:\\\/\\\/www.simatec.tn\\\/en\\\/news\\\/\",\"name\":\"News - Simatec\",\"isPartOf\":{\"@id\":\"https:\\\/\\\/www.simatec.tn\\\/#website\"},\"primaryImageOfPage\":{\"@id\":\"https:\\\/\\\/www.simatec.tn\\\/en\\\/news\\\/#primaryimage\"},\"image\":{\"@id\":\"https:\\\/\\\/www.simatec.tn\\\/en\\\/news\\\/#primaryimage\"},\"thumbnailUrl\":\"https:\\\/\\\/www.simatec.tn\\\/wp-content\\\/uploads\\\/2025\\\/02\\\/WhatsApp-Image-2025-02-05-at-15.30.jpg\",\"datePublished\":\"2024-08-04T07:43:50+00:00\",\"dateModified\":\"2025-02-07T14:46:45+00:00\",\"description\":\"5 f\u00e9vrier 2025 Participation in the Libyan Industry Fair 6 d\u00e9cembre 2021 Participation in the Tunisian Economic and Commercial Days in Dakar, Senegal 5\",\"breadcrumb\":{\"@id\":\"https:\\\/\\\/www.simatec.tn\\\/en\\\/news\\\/#breadcrumb\"},\"inLanguage\":\"en-US\",\"potentialAction\":[{\"@type\":\"ReadAction\",\"target\":[\"https:\\\/\\\/www.simatec.tn\\\/en\\\/news\\\/\"]}]},{\"@type\":\"ImageObject\",\"inLanguage\":\"en-US\",\"@id\":\"https:\\\/\\\/www.simatec.tn\\\/en\\\/news\\\/#primaryimage\",\"url\":\"https:\\\/\\\/www.simatec.tn\\\/wp-content\\\/uploads\\\/2025\\\/02\\\/WhatsApp-Image-2025-02-05-at-15.30.jpg\",\"contentUrl\":\"https:\\\/\\\/www.simatec.tn\\\/wp-content\\\/uploads\\\/2025\\\/02\\\/WhatsApp-Image-2025-02-05-at-15.30.jpg\"},{\"@type\":\"BreadcrumbList\",\"@id\":\"https:\\\/\\\/www.simatec.tn\\\/en\\\/news\\\/#breadcrumb\",\"itemListElement\":[{\"@type\":\"ListItem\",\"position\":1,\"name\":\"Accueil\",\"item\":\"https:\\\/\\\/www.simatec.tn\\\/en\\\/\"},{\"@type\":\"ListItem\",\"position\":2,\"name\":\"News\"}]},{\"@type\":\"WebSite\",\"@id\":\"https:\\\/\\\/www.simatec.tn\\\/#website\",\"url\":\"https:\\\/\\\/www.simatec.tn\\\/\",\"name\":\"Simatec\",\"description\":\"L&#039;expertise \u00e9lectrom\u00e9canique au service de votre performance industrielle\",\"publisher\":{\"@id\":\"https:\\\/\\\/www.simatec.tn\\\/#organization\"},\"potentialAction\":[{\"@type\":\"SearchAction\",\"target\":{\"@type\":\"EntryPoint\",\"urlTemplate\":\"https:\\\/\\\/www.simatec.tn\\\/?s={search_term_string}\"},\"query-input\":{\"@type\":\"PropertyValueSpecification\",\"valueRequired\":true,\"valueName\":\"search_term_string\"}}],\"inLanguage\":\"en-US\"},{\"@type\":\"Organization\",\"@id\":\"https:\\\/\\\/www.simatec.tn\\\/#organization\",\"name\":\"Simatec\",\"url\":\"https:\\\/\\\/www.simatec.tn\\\/\",\"logo\":{\"@type\":\"ImageObject\",\"inLanguage\":\"en-US\",\"@id\":\"https:\\\/\\\/www.simatec.tn\\\/#\\\/schema\\\/logo\\\/image\\\/\",\"url\":\"https:\\\/\\\/www.simatec.tn\\\/wp-content\\\/uploads\\\/2025\\\/02\\\/logo.png\",\"contentUrl\":\"https:\\\/\\\/www.simatec.tn\\\/wp-content\\\/uploads\\\/2025\\\/02\\\/logo.png\",\"width\":573,\"height\":380,\"caption\":\"Simatec\"},\"image\":{\"@id\":\"https:\\\/\\\/www.simatec.tn\\\/#\\\/schema\\\/logo\\\/image\\\/\"},\"sameAs\":[\"https:\\\/\\\/www.facebook.com\\\/Simatec.bobinage\\\/\"]}]}<\/script>\n<!-- \/ Yoast SEO plugin. -->","yoast_head_json":{"title":"News - Simatec","description":"5 f\u00e9vrier 2025 Participation in the Libyan Industry Fair 6 d\u00e9cembre 2021 Participation in the Tunisian Economic and Commercial Days in Dakar, Senegal 5","robots":{"index":"index","follow":"follow","max-snippet":"max-snippet:-1","max-image-preview":"max-image-preview:large","max-video-preview":"max-video-preview:-1"},"canonical":"https:\/\/www.simatec.tn\/en\/news\/","og_locale":"en_US","og_type":"article","og_title":"News - Simatec","og_description":"5 f\u00e9vrier 2025 Participation in the Libyan Industry Fair 6 d\u00e9cembre 2021 Participation in the Tunisian Economic and Commercial Days in Dakar, Senegal 5","og_url":"https:\/\/www.simatec.tn\/en\/news\/","og_site_name":"Simatec","article_publisher":"https:\/\/www.facebook.com\/Simatec.bobinage\/","article_modified_time":"2025-02-07T14:46:45+00:00","og_image":[{"url":"https:\/\/www.simatec.tn\/wp-content\/uploads\/2025\/02\/WhatsApp-Image-2025-02-05-at-15.30.jpg","type":"","width":"","height":""}],"twitter_card":"summary_large_image","schema":{"@context":"https:\/\/schema.org","@graph":[{"@type":"WebPage","@id":"https:\/\/www.simatec.tn\/en\/news\/","url":"https:\/\/www.simatec.tn\/en\/news\/","name":"News - Simatec","isPartOf":{"@id":"https:\/\/www.simatec.tn\/#website"},"primaryImageOfPage":{"@id":"https:\/\/www.simatec.tn\/en\/news\/#primaryimage"},"image":{"@id":"https:\/\/www.simatec.tn\/en\/news\/#primaryimage"},"thumbnailUrl":"https:\/\/www.simatec.tn\/wp-content\/uploads\/2025\/02\/WhatsApp-Image-2025-02-05-at-15.30.jpg","datePublished":"2024-08-04T07:43:50+00:00","dateModified":"2025-02-07T14:46:45+00:00","description":"5 f\u00e9vrier 2025 Participation in the Libyan Industry Fair 6 d\u00e9cembre 2021 Participation in the Tunisian Economic and Commercial Days in Dakar, Senegal 5","breadcrumb":{"@id":"https:\/\/www.simatec.tn\/en\/news\/#breadcrumb"},"inLanguage":"en-US","potentialAction":[{"@type":"ReadAction","target":["https:\/\/www.simatec.tn\/en\/news\/"]}]},{"@type":"ImageObject","inLanguage":"en-US","@id":"https:\/\/www.simatec.tn\/en\/news\/#primaryimage","url":"https:\/\/www.simatec.tn\/wp-content\/uploads\/2025\/02\/WhatsApp-Image-2025-02-05-at-15.30.jpg","contentUrl":"https:\/\/www.simatec.tn\/wp-content\/uploads\/2025\/02\/WhatsApp-Image-2025-02-05-at-15.30.jpg"},{"@type":"BreadcrumbList","@id":"https:\/\/www.simatec.tn\/en\/news\/#breadcrumb","itemListElement":[{"@type":"ListItem","position":1,"name":"Accueil","item":"https:\/\/www.simatec.tn\/en\/"},{"@type":"ListItem","position":2,"name":"News"}]},{"@type":"WebSite","@id":"https:\/\/www.simatec.tn\/#website","url":"https:\/\/www.simatec.tn\/","name":"Simatec","description":"L&#039;expertise \u00e9lectrom\u00e9canique au service de votre performance industrielle","publisher":{"@id":"https:\/\/www.simatec.tn\/#organization"},"potentialAction":[{"@type":"SearchAction","target":{"@type":"EntryPoint","urlTemplate":"https:\/\/www.simatec.tn\/?s={search_term_string}"},"query-input":{"@type":"PropertyValueSpecification","valueRequired":true,"valueName":"search_term_string"}}],"inLanguage":"en-US"},{"@type":"Organization","@id":"https:\/\/www.simatec.tn\/#organization","name":"Simatec","url":"https:\/\/www.simatec.tn\/","logo":{"@type":"ImageObject","inLanguage":"en-US","@id":"https:\/\/www.simatec.tn\/#\/schema\/logo\/image\/","url":"https:\/\/www.simatec.tn\/wp-content\/uploads\/2025\/02\/logo.png","contentUrl":"https:\/\/www.simatec.tn\/wp-content\/uploads\/2025\/02\/logo.png","width":573,"height":380,"caption":"Simatec"},"image":{"@id":"https:\/\/www.simatec.tn\/#\/schema\/logo\/image\/"},"sameAs":["https:\/\/www.facebook.com\/Simatec.bobinage\/"]}]}},"_links":{"self":[{"href":"https:\/\/www.simatec.tn\/en\/wp-json\/wp\/v2\/pages\/6206","targetHints":{"allow":["GET"]}}],"collection":[{"href":"https:\/\/www.simatec.tn\/en\/wp-json\/wp\/v2\/pages"}],"about":[{"href":"https:\/\/www.simatec.tn\/en\/wp-json\/wp\/v2\/types\/page"}],"author":[{"embeddable":true,"href":"https:\/\/www.simatec.tn\/en\/wp-json\/wp\/v2\/users\/1"}],"replies":[{"embeddable":true,"href":"https:\/\/www.simatec.tn\/en\/wp-json\/wp\/v2\/comments?post=6206"}],"version-history":[{"count":5,"href":"https:\/\/www.simatec.tn\/en\/wp-json\/wp\/v2\/pages\/6206\/revisions"}],"predecessor-version":[{"id":7792,"href":"https:\/\/www.simatec.tn\/en\/wp-json\/wp\/v2\/pages\/6206\/revisions\/7792"}],"wp:attachment":[{"href":"https:\/\/www.simatec.tn\/en\/wp-json\/wp\/v2\/media?parent=6206"}],"curies":[{"name":"wp","href":"https:\/\/api.w.org\/{rel}","templated":true}]}}